{"id":1987,"date":"2023-08-02T03:19:35","date_gmt":"2023-08-02T01:19:35","guid":{"rendered":"https:\/\/www.biztranslate.de\/contacter\/"},"modified":"2023-01-23T11:34:51","modified_gmt":"2023-01-23T10:34:51","slug":"contact","status":"publish","type":"page","link":"https:\/\/www.biztranslate.de\/fr\/contact\/","title":{"rendered":"Contact"},"content":{"rendered":"\t\t<div data-elementor-type=\"wp-page\" data-elementor-id=\"1987\" class=\"elementor elementor-1987 elementor-396\">\n\t\t\t\t\t\t<section class=\"elementor-section elementor-top-section elementor-element elementor-element-6cc703d elementor-section-boxed elementor-section-height-default elementor-section-height-default\" data-id=\"6cc703d\" data-element_type=\"section\" data-e-type=\"section\" data-settings=\"{&quot;background_background&quot;:&quot;classic&quot;}\">\n\t\t\t\t\t\t\t<div class=\"elementor-background-overlay\"><\/div>\n\t\t\t\t\t\t\t<div class=\"elementor-container elementor-column-gap-no\">\n\t\t\t\t\t<div class=\"elementor-column elementor-col-50 elementor-top-column elementor-element elementor-element-8c0af54\" data-id=\"8c0af54\" data-element_type=\"column\" data-e-type=\"column\" data-settings=\"{&quot;background_background&quot;:&quot;classic&quot;}\">\n\t\t\t<div class=\"elementor-widget-wrap elementor-element-populated\">\n\t\t\t\t\t\t<div class=\"elementor-element elementor-element-22e664b elementor-widget elementor-widget-heading\" data-id=\"22e664b\" data-element_type=\"widget\" data-e-type=\"widget\" data-widget_type=\"heading.default\">\n\t\t\t\t<div class=\"elementor-widget-container\">\n\t\t\t\t\t<h1 class=\"elementor-heading-title elementor-size-default\">Contact<\/h1>\t\t\t\t<\/div>\n\t\t\t\t<\/div>\n\t\t\t\t<div class=\"elementor-element elementor-element-f3881ed elementor-widget-divider--view-line elementor-widget elementor-widget-divider\" data-id=\"f3881ed\" data-element_type=\"widget\" data-e-type=\"widget\" data-widget_type=\"divider.default\">\n\t\t\t\t<div class=\"elementor-widget-container\">\n\t\t\t\t\t\t\t<div class=\"elementor-divider\">\n\t\t\t<span class=\"elementor-divider-separator\">\n\t\t\t\t\t\t<\/span>\n\t\t<\/div>\n\t\t\t\t\t\t<\/div>\n\t\t\t\t<\/div>\n\t\t\t\t<div class=\"elementor-element elementor-element-4975f41 elementor-widget elementor-widget-text-editor\" data-id=\"4975f41\" data-element_type=\"widget\" data-e-type=\"widget\" data-widget_type=\"text-editor.default\">\n\t\t\t\t<div class=\"elementor-widget-container\">\n\t\t\t\t\t\t\t\t\t<p>Horaires d\u2019ouverture: du Lundi au Vendredi: 9h00-17h00<\/p>\n\t\t\t\t\t\t\t\t<\/div>\n\t\t\t\t<\/div>\n\t\t\t\t<div class=\"elementor-element elementor-element-8e1d455 elementor-widget elementor-widget-text-editor\" data-id=\"8e1d455\" data-element_type=\"widget\" data-e-type=\"widget\" data-widget_type=\"text-editor.default\">\n\t\t\t\t<div class=\"elementor-widget-container\">\n\t\t\t\t\t\t\t\t\t<p>Gro\u00dfer Hirschgraben 15 (\u00e0 c\u00f4t\u00e9 de la Goethe-Haus)<br \/>D-60311 Francfort-sur-le-Main<\/p>\n\t\t\t\t\t\t\t\t<\/div>\n\t\t\t\t<\/div>\n\t\t\t\t<div class=\"elementor-element elementor-element-5e90b28 elementor-widget elementor-widget-text-editor\" data-id=\"5e90b28\" data-element_type=\"widget\" data-e-type=\"widget\" data-widget_type=\"text-editor.default\">\n\t\t\t\t<div class=\"elementor-widget-container\">\n\t\t\t\t\t\t\t\t\t<p>mail: <a href=\"mailto:skalli@biztranslate.de\">skalli@biztranslate.de<\/a><\/p>\n\t\t\t\t\t\t\t\t<\/div>\n\t\t\t\t<\/div>\n\t\t\t\t<div class=\"elementor-element elementor-element-c9fe3f7 elementor-widget elementor-widget-text-editor\" data-id=\"c9fe3f7\" data-element_type=\"widget\" data-e-type=\"widget\" data-widget_type=\"text-editor.default\">\n\t\t\t\t<div class=\"elementor-widget-container\">\n\t\t\t\t\t\t\t\t\tphone:\n<a href=\"tel:00496947866200\">+49 69 &#8211; 47 866 200<\/a><br>\n<a href=\"tel:00491775690340\">+49 177 569 03 40 (M. Skalli)<\/a>\t\t\t\t\t\t\t\t<\/div>\n\t\t\t\t<\/div>\n\t\t\t\t<div class=\"elementor-element elementor-element-64ff281 elementor-widget-divider--view-line elementor-widget elementor-widget-divider\" data-id=\"64ff281\" data-element_type=\"widget\" data-e-type=\"widget\" data-widget_type=\"divider.default\">\n\t\t\t\t<div class=\"elementor-widget-container\">\n\t\t\t\t\t\t\t<div class=\"elementor-divider\">\n\t\t\t<span class=\"elementor-divider-separator\">\n\t\t\t\t\t\t<\/span>\n\t\t<\/div>\n\t\t\t\t\t\t<\/div>\n\t\t\t\t<\/div>\n\t\t\t\t<div class=\"elementor-element elementor-element-fccacba elementor-widget elementor-widget-text-editor\" data-id=\"fccacba\" data-element_type=\"widget\" data-e-type=\"widget\" data-widget_type=\"text-editor.default\">\n\t\t\t\t<div class=\"elementor-widget-container\">\n\t\t\t\t\t\t\t\t\t<p><strong>Info<\/strong><\/p>\n\t\t\t\t\t\t\t\t<\/div>\n\t\t\t\t<\/div>\n\t\t\t\t<div class=\"elementor-element elementor-element-fbaa0c1 elementor-widget elementor-widget-text-editor\" data-id=\"fbaa0c1\" data-element_type=\"widget\" data-e-type=\"widget\" data-widget_type=\"text-editor.default\">\n\t\t\t\t<div class=\"elementor-widget-container\">\n\t\t\t\t\t\t\t\t\t<p>Pour les demandes de traduction, nous avons besoin du texte \u00e0 traduire sous forme de fichier PDF ou JPG et de la combinaison de langues.<\/p>\n\t\t\t\t\t\t\t\t<\/div>\n\t\t\t\t<\/div>\n\t\t\t\t\t<\/div>\n\t\t<\/div>\n\t\t\t\t<div class=\"elementor-column elementor-col-50 elementor-top-column elementor-element elementor-element-315ef37\" data-id=\"315ef37\" data-element_type=\"column\" data-e-type=\"column\" data-settings=\"{&quot;background_background&quot;:&quot;classic&quot;}\">\n\t\t\t<div class=\"elementor-widget-wrap elementor-element-populated\">\n\t\t\t\t\t\t<div class=\"elementor-element elementor-element-88dc206 elementor-widget elementor-widget-shortcode\" data-id=\"88dc206\" data-element_type=\"widget\" data-e-type=\"widget\" data-widget_type=\"shortcode.default\">\n\t\t\t\t<div class=\"elementor-widget-container\">\n\t\t\t\t\t\t\t<div class=\"elementor-shortcode\"><div class=\"forminator-ui forminator-custom-form forminator-custom-form-1983 forminator-design--flat  forminator_ajax\" data-forminator-render=\"0\" data-form=\"forminator-module-1983\" data-uid=\"69e8ba98971e4\"><br\/><\/div><form\n\t\t\t\tid=\"forminator-module-1983\"\n\t\t\t\tclass=\"forminator-ui forminator-custom-form forminator-custom-form-1983 forminator-design--flat  forminator_ajax\"\n\t\t\t\tmethod=\"post\"\n\t\t\t\tdata-forminator-render=\"0\"\n\t\t\t\tdata-form-id=\"1983\"\n\t\t\t\tenctype=\"multipart\/form-data\" data-color-option=\"default\" data-design=\"flat\" data-grid=\"open\" style=\"display: none;\"\n\t\t\t\tdata-uid=\"69e8ba98971e4\"\n\t\t\t><div role=\"alert\" aria-live=\"polite\" class=\"forminator-response-message forminator-error\" aria-hidden=\"true\"><\/div><div class=\"forminator-row\"><div id=\"name-1\" class=\"forminator-field-name forminator-col forminator-col-12 \"><div class=\"forminator-field\"><label for=\"forminator-field-name-1_69e8ba98971e4\" id=\"forminator-field-name-1_69e8ba98971e4-label\" class=\"forminator-label\">Name \/ Company <span class=\"forminator-required\">*<\/span><\/label><input type=\"text\" name=\"name-1\" value=\"\" placeholder=\"\" id=\"forminator-field-name-1_69e8ba98971e4\" class=\"forminator-input forminator-name--field\" aria-required=\"true\" autocomplete=\"name\" \/><\/div><\/div><\/div><div class=\"forminator-row\"><div id=\"email-1\" class=\"forminator-field-email forminator-col forminator-col-12 \"><div class=\"forminator-field\"><label for=\"forminator-field-email-1_69e8ba98971e4\" id=\"forminator-field-email-1_69e8ba98971e4-label\" class=\"forminator-label\">E-Mail <span class=\"forminator-required\">*<\/span><\/label><input type=\"email\" name=\"email-1\" value=\"\" placeholder=\"\" id=\"forminator-field-email-1_69e8ba98971e4\" class=\"forminator-input forminator-email--field\" data-required=\"true\" aria-required=\"true\" autocomplete=\"email\" \/><\/div><\/div><\/div><div class=\"forminator-row\"><div id=\"phone-1\" class=\"forminator-field-phone forminator-col forminator-col-12 \"><div class=\"forminator-field\"><label for=\"forminator-field-phone-1_69e8ba98971e4\" id=\"forminator-field-phone-1_69e8ba98971e4-label\" class=\"forminator-label\">Phone<\/label><input type=\"text\" name=\"phone-1\" value=\"\" placeholder=\"\" id=\"forminator-field-phone-1_69e8ba98971e4\" class=\"forminator-input forminator-field--phone\" data-required=\"\" aria-required=\"false\" autocomplete=\"off\" \/><\/div><\/div><\/div><div class=\"forminator-row\"><div id=\"textarea-1\" class=\"forminator-field-textarea forminator-col forminator-col-12 \"><div class=\"forminator-field\"><label for=\"forminator-field-textarea-1_69e8ba98971e4\" id=\"forminator-field-textarea-1_69e8ba98971e4-label\" class=\"forminator-label\">Your Message <span class=\"forminator-required\">*<\/span><\/label><textarea name=\"textarea-1\" placeholder=\"\" id=\"forminator-field-textarea-1_69e8ba98971e4\" class=\"forminator-textarea\" rows=\"6\" style=\"--forminator-textarea-min-height:140px;\" maxlength=\"180\" ><\/textarea><span id=\"forminator-field-textarea-1_69e8ba98971e4-description\" class=\"forminator-description\"><span data-limit=\"180\" data-type=\"characters\" data-editor=\"\">0 \/ 180<\/span><\/span><\/div><\/div><\/div><div class=\"forminator-row\"><div id=\"upload-1\" class=\"forminator-field-upload forminator-col forminator-col-12 \"><div class=\"forminator-field\"><label for=\"forminator-field-upload-1_69e8ba98971e4\" id=\"forminator-field-upload-1_69e8ba98971e4-label\" class=\"forminator-label\">Upload file<\/label><div class=\"forminator-multi-upload \" data-element=\"upload-1_69e8ba98971e4\"><input type=\"file\" name=\"upload-1[]\" id=\"forminator-field-upload-1_69e8ba98971e4\" class=\"forminator-input-file forminator-field-upload-1_69e8ba98971e4-1983\" multiple=\"multiple\" data-method=\"ajax\" accept=\".webp,.jpg,.jpeg,.jpe,.png,.doc,.docx,.pdf,.txt,.asc,.c,.cc,.h,.srt\" data-size=\"8000000\" data-size-message=\"Maximum file size allowed is 8 MB. \" data-filetype=\"webp|jpg|jpeg|jpe|png|doc|docx|pdf|txt|asc|c|cc|h|srt\" data-filetype-message=\"l\u2019extension de fichier n\u2019est pas autoris\u00e9e.\"><div class=\"forminator-multi-upload-message\" aria-hidden=\"true\"><span class=\"forminator-icon-upload\" aria-hidden=\"true\"><\/span><p>Glissez et d\u00e9posez (ou) <a class=\"forminator-upload-file--forminator-field-upload-1_69e8ba98971e4\" href=\"#\" onclick=\"return false;\">Choisissez des fichiers<\/a><\/p><\/div><\/div><ul class=\"forminator-uploaded-files upload-container-upload-1_69e8ba98971e4\"><\/ul><\/div><\/div><\/div><div class=\"forminator-row\"><div id=\"checkbox-1\" class=\"forminator-field-checkbox forminator-col forminator-col-12 \"><div role=\"group\" class=\"forminator-field required\" aria-labelledby=\"forminator-checkbox-group-forminator-field-checkbox-1-69e8ba98971e4-label\"><span id=\"forminator-checkbox-group-forminator-field-checkbox-1-69e8ba98971e4-label\" class=\"forminator-label\">Consent <span class=\"forminator-required\">*<\/span><\/span><label id=\"forminator-field-checkbox-1-1-69e8ba98971e4-label\" for=\"forminator-field-checkbox-1-1-69e8ba98971e4\" class=\"forminator-checkbox\" title=\"I have read the &lt;a href=&quot;\/datenschutzerklaerung\/&quot;&gt;Privacy Policy&lt;\/a&gt;. By submitting, I agree to the processing of the data I have transmitted for contact purposes and for queries.\"><input type=\"checkbox\" name=\"checkbox-1[]\" value=\"one\" id=\"forminator-field-checkbox-1-1-69e8ba98971e4\" aria-labelledby=\"forminator-field-checkbox-1-1-69e8ba98971e4-label\" data-calculation=\"0\"   aria-describedby=\"forminator-field-checkbox-1-69e8ba98971e4-description\"\/><span class=\"forminator-checkbox-box\" aria-hidden=\"true\"><\/span><span class=\"forminator-checkbox-label\">I have read the <a href=\"\/datenschutzerklaerung\/\">Privacy Policy<\/a>. By submitting, I agree to the processing of the data I have transmitted for contact purposes and for queries.<\/span><\/label><span id=\"forminator-field-checkbox-1-69e8ba98971e4-description\" class=\"forminator-description\">All fields marked with * are mandatory.<\/span><\/div><\/div><\/div><input type=\"hidden\" name=\"referer_url\" value=\"\" \/><div class=\"forminator-row forminator-row-last\"><div class=\"forminator-col\"><div class=\"forminator-field\"><button class=\"forminator-button forminator-button-submit\">Send<\/button><\/div><\/div><\/div><input type=\"hidden\" id=\"forminator_nonce\" name=\"forminator_nonce\" value=\"79546d93f0\" \/><input type=\"hidden\" name=\"_wp_http_referer\" value=\"\/fr\/wp-json\/wp\/v2\/pages\/1987\" \/><input type=\"hidden\" name=\"form_id\" value=\"1983\"><input type=\"hidden\" name=\"page_id\" value=\"1987\"><input type=\"hidden\" name=\"form_type\" value=\"default\"><input type=\"hidden\" name=\"current_url\" value=\"https:\/\/www.biztranslate.de\/fr\/contact\/\"><input type=\"hidden\" name=\"render_id\" value=\"0\"><input type=\"hidden\" name=\"forminator-multifile-hidden\" class=\"forminator-multifile-hidden\"><input type=\"hidden\" name=\"action\" value=\"forminator_submit_form_custom-forms\"><label for=\"input_7\" class=\"forminator-hidden\" aria-hidden=\"true\">Veuillez ne pas remplir ce champ. <input id=\"input_7\" type=\"text\" name=\"input_7\" value=\"\" autocomplete=\"off\"><\/label><\/form><\/div>\n\t\t\t\t\t\t<\/div>\n\t\t\t\t<\/div>\n\t\t\t\t\t<\/div>\n\t\t<\/div>\n\t\t\t\t\t<\/div>\n\t\t<\/section>\n\t\t\t\t<\/div>\n\t\t","protected":false},"excerpt":{"rendered":"<p>Contact Horaires d\u2019ouverture: du Lundi au Vendredi: 9h00-17h00 Gro\u00dfer Hirschgraben 15 (\u00e0 c\u00f4t\u00e9 de la Goethe-Haus)D-60311 Francfort-sur-le-Main mail: skalli@biztranslate.de phone: +49 69 &#8211; 47 866 200 +49 177 569 03 40 (M. Skalli) Info Pour les demandes de traduction, nous avons besoin du texte \u00e0 traduire sous forme de fichier PDF ou JPG et de [&hellip;]<\/p>\n","protected":false},"author":1,"featured_media":0,"parent":0,"menu_order":0,"comment_status":"closed","ping_status":"closed","template":"","meta":{"site-sidebar-layout":"no-sidebar","site-content-layout":"page-builder","ast-site-content-layout":"default","site-content-style":"default","site-sidebar-style":"default","ast-global-header-display":"","ast-banner-title-visibility":"","ast-main-header-display":"","ast-hfb-above-header-display":"","ast-hfb-below-header-display":"","ast-hfb-mobile-header-display":"","site-post-title":"disabled","ast-breadcrumbs-content":"disabled","ast-featured-img":"disabled","footer-sml-layout":"","ast-disable-related-posts":"","theme-transparent-header-meta":"enabled","adv-header-id-meta":"","stick-header-meta":"","header-above-stick-meta":"","header-main-stick-meta":"","header-below-stick-meta":"","astra-migrate-meta-layouts":"default","ast-page-background-enabled":"default","ast-page-background-meta":{"desktop":{"background-color":"","background-image":"","background-repeat":"repeat","background-position":"center center","background-size":"auto","background-attachment":"scroll","background-type":"","background-media":"","overlay-type":"","overlay-color":"","overlay-opacity":"","overlay-gradient":""},"tablet":{"background-color":"","background-image":"","background-repeat":"repeat","background-position":"center center","background-size":"auto","background-attachment":"scroll","background-type":"","background-media":"","overlay-type":"","overlay-color":"","overlay-opacity":"","overlay-gradient":""},"mobile":{"background-color":"","background-image":"","background-repeat":"repeat","background-position":"center center","background-size":"auto","background-attachment":"scroll","background-type":"","background-media":"","overlay-type":"","overlay-color":"","overlay-opacity":"","overlay-gradient":""}},"ast-content-background-meta":{"desktop":{"background-color":"var(--ast-global-color-5)","background-image":"","background-repeat":"repeat","background-position":"center center","background-size":"auto","background-attachment":"scroll","background-type":"","background-media":"","overlay-type":"","overlay-color":"","overlay-opacity":"","overlay-gradient":""},"tablet":{"background-color":"var(--ast-global-color-5)","background-image":"","background-repeat":"repeat","background-position":"center center","background-size":"auto","background-attachment":"scroll","background-type":"","background-media":"","overlay-type":"","overlay-color":"","overlay-opacity":"","overlay-gradient":""},"mobile":{"background-color":"var(--ast-global-color-5)","background-image":"","background-repeat":"repeat","background-position":"center center","background-size":"auto","background-attachment":"scroll","background-type":"","background-media":"","overlay-type":"","overlay-color":"","overlay-opacity":"","overlay-gradient":""}},"footnotes":""},"class_list":["post-1987","page","type-page","status-publish","hentry"],"_links":{"self":[{"href":"https:\/\/www.biztranslate.de\/fr\/wp-json\/wp\/v2\/pages\/1987","targetHints":{"allow":["GET"]}}],"collection":[{"href":"https:\/\/www.biztranslate.de\/fr\/wp-json\/wp\/v2\/pages"}],"about":[{"href":"https:\/\/www.biztranslate.de\/fr\/wp-json\/wp\/v2\/types\/page"}],"author":[{"embeddable":true,"href":"https:\/\/www.biztranslate.de\/fr\/wp-json\/wp\/v2\/users\/1"}],"replies":[{"embeddable":true,"href":"https:\/\/www.biztranslate.de\/fr\/wp-json\/wp\/v2\/comments?post=1987"}],"version-history":[{"count":13,"href":"https:\/\/www.biztranslate.de\/fr\/wp-json\/wp\/v2\/pages\/1987\/revisions"}],"predecessor-version":[{"id":2087,"href":"https:\/\/www.biztranslate.de\/fr\/wp-json\/wp\/v2\/pages\/1987\/revisions\/2087"}],"wp:attachment":[{"href":"https:\/\/www.biztranslate.de\/fr\/wp-json\/wp\/v2\/media?parent=1987"}],"curies":[{"name":"wp","href":"https:\/\/api.w.org\/{rel}","templated":true}]}}