{"id":2029,"date":"2023-08-01T18:54:55","date_gmt":"2023-08-01T16:54:55","guid":{"rendered":"https:\/\/www.biztranslate.de\/a-propos-de-nous\/"},"modified":"2023-08-03T11:13:30","modified_gmt":"2023-08-03T09:13:30","slug":"a-propos-de-nous","status":"publish","type":"page","link":"https:\/\/www.biztranslate.de\/fr\/a-propos-de-nous\/","title":{"rendered":"\u00c0 propos de nous"},"content":{"rendered":"\t\t<div data-elementor-type=\"wp-page\" data-elementor-id=\"2029\" class=\"elementor elementor-2029 elementor-1476\">\n\t\t\t\t\t\t<section class=\"elementor-section elementor-top-section elementor-element elementor-element-3d81c14e elementor-section-boxed elementor-section-height-default elementor-section-height-default\" data-id=\"3d81c14e\" data-element_type=\"section\" data-e-type=\"section\" data-settings=\"{&quot;background_background&quot;:&quot;classic&quot;}\">\n\t\t\t\t\t\t<div class=\"elementor-container elementor-column-gap-no\">\n\t\t\t\t\t<div class=\"elementor-column elementor-col-100 elementor-top-column elementor-element elementor-element-86b3563\" data-id=\"86b3563\" data-element_type=\"column\" data-e-type=\"column\">\n\t\t\t<div class=\"elementor-widget-wrap elementor-element-populated\">\n\t\t\t\t\t\t<div class=\"elementor-element elementor-element-5571dfa8 elementor-widget elementor-widget-text-editor\" data-id=\"5571dfa8\" data-element_type=\"widget\" data-e-type=\"widget\" data-widget_type=\"text-editor.default\">\n\t\t\t\t<div class=\"elementor-widget-container\">\n\t\t\t\t\t\t\t\t\t<p>Votre partenaire pour des traductions professionnelles<\/p>\n\t\t\t\t\t\t\t\t<\/div>\n\t\t\t\t<\/div>\n\t\t\t\t<div class=\"elementor-element elementor-element-4052a608 elementor-widget elementor-widget-heading\" data-id=\"4052a608\" data-element_type=\"widget\" data-e-type=\"widget\" data-widget_type=\"heading.default\">\n\t\t\t\t<div class=\"elementor-widget-container\">\n\t\t\t\t\t<h1 class=\"elementor-heading-title elementor-size-default\">\u00c0 propos de nous<\/h1>\t\t\t\t<\/div>\n\t\t\t\t<\/div>\n\t\t\t\t<div class=\"elementor-element elementor-element-8d40766 elementor-widget elementor-widget-text-editor\" data-id=\"8d40766\" data-element_type=\"widget\" data-e-type=\"widget\" data-widget_type=\"text-editor.default\">\n\t\t\t\t<div class=\"elementor-widget-container\">\n\t\t\t\t\t\t\t\t\t<p><strong>digne de confiance | fiable | professionnel <\/strong><span style=\"font-weight: 400; font-size: 19px;\">\u2013 Voil\u00e0 ce qui caract\u00e9rise notre travail depuis plus de 35 ans.<\/span><\/p>\n\t\t\t\t\t\t\t\t<\/div>\n\t\t\t\t<\/div>\n\t\t\t\t<div class=\"elementor-element elementor-element-947a6a3 elementor-widget elementor-widget-text-editor\" data-id=\"947a6a3\" data-element_type=\"widget\" data-e-type=\"widget\" data-widget_type=\"text-editor.default\">\n\t\t\t\t<div class=\"elementor-widget-container\">\n\t\t\t\t\t\t\t\t\t<p>Nous sommes votre partenaire si vous souhaitez un soutien du plus haut niveau dans le domaine de la traduction, de l\u2019interpr\u00e9tariat ou des certifications.<\/p>\n\t\t\t\t\t\t\t\t<\/div>\n\t\t\t\t<\/div>\n\t\t\t\t\t<\/div>\n\t\t<\/div>\n\t\t\t\t\t<\/div>\n\t\t<\/section>\n\t\t\t\t<section class=\"elementor-section elementor-top-section elementor-element elementor-element-2e5cc679 elementor-section-boxed elementor-section-height-default elementor-section-height-default\" data-id=\"2e5cc679\" data-element_type=\"section\" data-e-type=\"section\" data-settings=\"{&quot;background_background&quot;:&quot;classic&quot;}\">\n\t\t\t\t\t\t<div class=\"elementor-container elementor-column-gap-default\">\n\t\t\t\t\t<div class=\"elementor-column elementor-col-33 elementor-top-column elementor-element elementor-element-8ffb81\" data-id=\"8ffb81\" data-element_type=\"column\" data-e-type=\"column\" data-settings=\"{&quot;background_background&quot;:&quot;classic&quot;}\">\n\t\t\t<div class=\"elementor-widget-wrap elementor-element-populated\">\n\t\t\t\t\t\t<div class=\"elementor-element elementor-element-fe83a elementor-widget elementor-widget-spacer\" data-id=\"fe83a\" data-element_type=\"widget\" data-e-type=\"widget\" data-widget_type=\"spacer.default\">\n\t\t\t\t<div class=\"elementor-widget-container\">\n\t\t\t\t\t\t\t<div class=\"elementor-spacer\">\n\t\t\t<div class=\"elementor-spacer-inner\"><\/div>\n\t\t<\/div>\n\t\t\t\t\t\t<\/div>\n\t\t\t\t<\/div>\n\t\t\t\t\t<\/div>\n\t\t<\/div>\n\t\t\t\t<div class=\"elementor-column elementor-col-66 elementor-top-column elementor-element elementor-element-793e062a\" data-id=\"793e062a\" data-element_type=\"column\" data-e-type=\"column\" data-settings=\"{&quot;background_background&quot;:&quot;classic&quot;}\">\n\t\t\t<div class=\"elementor-widget-wrap elementor-element-populated\">\n\t\t\t\t\t\t<div class=\"elementor-element elementor-element-214d3ff5 elementor-widget elementor-widget-text-editor\" data-id=\"214d3ff5\" data-element_type=\"widget\" data-e-type=\"widget\" data-widget_type=\"text-editor.default\">\n\t\t\t\t<div class=\"elementor-widget-container\">\n\t\t\t\t\t\t\t\t\t<p>Il est important pour nous que seules des personnes de langue maternelle qualifi\u00e9es avec des connaissances professionnelles dans les branches demand\u00e9es travaillent pour nos clients: nous garantissons ainsi une haute qualit\u00e9 de notre prestation de service.<\/p>\n\t\t\t\t\t\t\t\t<\/div>\n\t\t\t\t<\/div>\n\t\t\t\t<div class=\"elementor-element elementor-element-504c1254 elementor-widget elementor-widget-text-editor\" data-id=\"504c1254\" data-element_type=\"widget\" data-e-type=\"widget\" data-widget_type=\"text-editor.default\">\n\t\t\t\t<div class=\"elementor-widget-container\">\n\t\t\t\t\t\t\t\t\t<p>Notre Agence Skalli de traductions professionnelles et services d\u2019interpr\u00e9tariat est dirig\u00e9e par Monsieur <strong>Houcine Skalli<\/strong>, un traducteur dipl\u00f4m\u00e9 habilit\u00e9 et asserment\u00e9, avec pour sp\u00e9cialit\u00e9 l\u2019arabe, l\u2019anglais, le fran\u00e7ais et l\u2019allemand.<\/p>\n\t\t\t\t\t\t\t\t<\/div>\n\t\t\t\t<\/div>\n\t\t\t\t<div class=\"elementor-element elementor-element-1c23fe4f elementor-widget elementor-widget-text-editor\" data-id=\"1c23fe4f\" data-element_type=\"widget\" data-e-type=\"widget\" data-widget_type=\"text-editor.default\">\n\t\t\t\t<div class=\"elementor-widget-container\">\n\t\t\t\t\t\t\t\t\t<p>Gr\u00e2ce \u00e0 notre r\u00e9seau d\u2019environ <strong>170 traducteurs (trices) et interpr\u00e8tes professionnels (elles)<\/strong>, nous avons la possibilit\u00e9 de couvrir un large \u00e9ventail de langues \u00e9trang\u00e8res et de dialectes. Notre \u00e9quipe d\u2019interpr\u00e8tes qualifi\u00e9s, travaillant dans leurs langues maternelles, disposent de comp\u00e9tences techniques et d\u2019une longue exp\u00e9rience professionnelle de plusieurs ann\u00e9es.<\/p>\n\t\t\t\t\t\t\t\t<\/div>\n\t\t\t\t<\/div>\n\t\t\t\t<div class=\"elementor-element elementor-element-2e43d8d4 elementor-widget elementor-widget-text-editor\" data-id=\"2e43d8d4\" data-element_type=\"widget\" data-e-type=\"widget\" data-widget_type=\"text-editor.default\">\n\t\t\t\t<div class=\"elementor-widget-container\">\n\t\t\t\t\t\t\t\t\t<p>Si vous avez besoin de comp\u00e9tences en langue \u00e9trang\u00e8re dans les domaines de <b>l\u2019\u00e9conomie<\/b>, de <strong>l\u2019industrie<\/strong>, de <strong>la m\u00e9decine<\/strong>, de <strong>la justice<\/strong> et des <strong>administrations:<\/strong> Prenez tout simplement contact avec nous!<\/p>\n\t\t\t\t\t\t\t\t<\/div>\n\t\t\t\t<\/div>\n\t\t\t\t<div class=\"elementor-element elementor-element-d326011 elementor-widget-divider--view-line elementor-widget elementor-widget-divider\" data-id=\"d326011\" data-element_type=\"widget\" data-e-type=\"widget\" data-widget_type=\"divider.default\">\n\t\t\t\t<div class=\"elementor-widget-container\">\n\t\t\t\t\t\t\t<div class=\"elementor-divider\">\n\t\t\t<span class=\"elementor-divider-separator\">\n\t\t\t\t\t\t<\/span>\n\t\t<\/div>\n\t\t\t\t\t\t<\/div>\n\t\t\t\t<\/div>\n\t\t\t\t<div class=\"elementor-element elementor-element-48dca5e elementor-widget elementor-widget-text-editor\" data-id=\"48dca5e\" data-element_type=\"widget\" data-e-type=\"widget\" data-widget_type=\"text-editor.default\">\n\t\t\t\t<div class=\"elementor-widget-container\">\n\t\t\t\t\t\t\t\t\t<p><strong>Dirigeant: Monsieur Houcine Skalli<\/strong><br \/>Traducteur dipl\u00f4m\u00e9 (BD\u00dc, f\u00e9d\u00e9ration allemande des interpr\u00e8tes et traducteurs) et interpr\u00e8te asserment\u00e9<\/p>\n\t\t\t\t\t\t\t\t<\/div>\n\t\t\t\t<\/div>\n\t\t\t\t\t<\/div>\n\t\t<\/div>\n\t\t\t\t\t<\/div>\n\t\t<\/section>\n\t\t\t\t<\/div>\n\t\t","protected":false},"excerpt":{"rendered":"<p>Votre partenaire pour des traductions professionnelles \u00c0 propos de nous digne de confiance | fiable | professionnel \u2013 Voil\u00e0 ce qui caract\u00e9rise notre travail depuis plus de 35 ans. Nous sommes votre partenaire si vous souhaitez un soutien du plus haut niveau dans le domaine de la traduction, de l\u2019interpr\u00e9tariat ou des certifications. Il est [&hellip;]<\/p>\n","protected":false},"author":1,"featured_media":0,"parent":0,"menu_order":0,"comment_status":"closed","ping_status":"closed","template":"","meta":{"site-sidebar-layout":"no-sidebar","site-content-layout":"page-builder","ast-site-content-layout":"default","site-content-style":"default","site-sidebar-style":"default","ast-global-header-display":"","ast-banner-title-visibility":"","ast-main-header-display":"","ast-hfb-above-header-display":"","ast-hfb-below-header-display":"","ast-hfb-mobile-header-display":"","site-post-title":"disabled","ast-breadcrumbs-content":"","ast-featured-img":"disabled","footer-sml-layout":"","ast-disable-related-posts":"","theme-transparent-header-meta":"enabled","adv-header-id-meta":"","stick-header-meta":"","header-above-stick-meta":"","header-main-stick-meta":"","header-below-stick-meta":"","astra-migrate-meta-layouts":"default","ast-page-background-enabled":"default","ast-page-background-meta":{"desktop":{"background-color":"","background-image":"","background-repeat":"repeat","background-position":"center center","background-size":"auto","background-attachment":"scroll","background-type":"","background-media":"","overlay-type":"","overlay-color":"","overlay-opacity":"","overlay-gradient":""},"tablet":{"background-color":"","background-image":"","background-repeat":"repeat","background-position":"center center","background-size":"auto","background-attachment":"scroll","background-type":"","background-media":"","overlay-type":"","overlay-color":"","overlay-opacity":"","overlay-gradient":""},"mobile":{"background-color":"","background-image":"","background-repeat":"repeat","background-position":"center center","background-size":"auto","background-attachment":"scroll","background-type":"","background-media":"","overlay-type":"","overlay-color":"","overlay-opacity":"","overlay-gradient":""}},"ast-content-background-meta":{"desktop":{"background-color":"var(--ast-global-color-5)","background-image":"","background-repeat":"repeat","background-position":"center center","background-size":"auto","background-attachment":"scroll","background-type":"","background-media":"","overlay-type":"","overlay-color":"","overlay-opacity":"","overlay-gradient":""},"tablet":{"background-color":"var(--ast-global-color-5)","background-image":"","background-repeat":"repeat","background-position":"center center","background-size":"auto","background-attachment":"scroll","background-type":"","background-media":"","overlay-type":"","overlay-color":"","overlay-opacity":"","overlay-gradient":""},"mobile":{"background-color":"var(--ast-global-color-5)","background-image":"","background-repeat":"repeat","background-position":"center center","background-size":"auto","background-attachment":"scroll","background-type":"","background-media":"","overlay-type":"","overlay-color":"","overlay-opacity":"","overlay-gradient":""}},"footnotes":""},"class_list":["post-2029","page","type-page","status-publish","hentry"],"_links":{"self":[{"href":"https:\/\/www.biztranslate.de\/fr\/wp-json\/wp\/v2\/pages\/2029","targetHints":{"allow":["GET"]}}],"collection":[{"href":"https:\/\/www.biztranslate.de\/fr\/wp-json\/wp\/v2\/pages"}],"about":[{"href":"https:\/\/www.biztranslate.de\/fr\/wp-json\/wp\/v2\/types\/page"}],"author":[{"embeddable":true,"href":"https:\/\/www.biztranslate.de\/fr\/wp-json\/wp\/v2\/users\/1"}],"replies":[{"embeddable":true,"href":"https:\/\/www.biztranslate.de\/fr\/wp-json\/wp\/v2\/comments?post=2029"}],"version-history":[{"count":3,"href":"https:\/\/www.biztranslate.de\/fr\/wp-json\/wp\/v2\/pages\/2029\/revisions"}],"predecessor-version":[{"id":2271,"href":"https:\/\/www.biztranslate.de\/fr\/wp-json\/wp\/v2\/pages\/2029\/revisions\/2271"}],"wp:attachment":[{"href":"https:\/\/www.biztranslate.de\/fr\/wp-json\/wp\/v2\/media?parent=2029"}],"curies":[{"name":"wp","href":"https:\/\/api.w.org\/{rel}","templated":true}]}}